{"id":190,"date":"2021-04-06T16:20:08","date_gmt":"2021-04-06T14:20:08","guid":{"rendered":"http:\/\/sarthe-et-radio.fr\/?page_id=190"},"modified":"2021-04-08T16:48:51","modified_gmt":"2021-04-08T14:48:51","slug":"sources-complementaires","status":"publish","type":"page","link":"http:\/\/sarthe-et-radio.fr\/index.php\/sources-complementaires\/","title":{"rendered":"Sources compl\u00e9mentaires"},"content":{"rendered":"\n<h2>Bibliographie<\/h2>\n\n\n\n<figure class=\"wp-block-table is-style-stripes\"><table class=\"has-fixed-layout\"><tbody><tr><td>Les radios libres<\/td><td>Fran\u00e7ois Cazenave<\/td><td>1980 PUF Que sais-je&nbsp;?<\/td><\/tr><tr><td>Quand la radio s\u2019appelait TSF<\/td><td>Bernard Pouzols<\/td><td>1982 Eric Baschet \u00e9ditions<\/td><\/tr><tr><td>FM la folle histoire des radios libres<\/td><td>Annick Cojean&nbsp;&nbsp;Franck Eskenazi<\/td><td>1986 Grasset<\/td><\/tr><tr><td>Au c\u0153ur des radios libres&nbsp;<\/td><td>Jacques Soncin&nbsp;&nbsp;Jean Beneti\u00e8re<\/td><td>1989 L\u2019Harmattan<\/td><\/tr><tr><td>Les Ann\u00e9es Radio, 1949 1989<\/td><td>Jean-Fran\u00e7ois Remont\u00e9&nbsp;<\/td><td>1989 L&rsquo;Arpenteur Gallimard<\/td><\/tr><tr><td>Europe 1 la grande histoire dans une grande radio<\/td><td>Luc Bernard<\/td><td>1990 Centurion<\/td><\/tr><tr><td>Histoire de la radio des ann\u00e9es 30<\/td><td>C\u00e9cile M\u00e9adel<\/td><td>1994 Anthropos INA<\/td><\/tr><tr><td>La radio, rendez-vous des Ondes<\/td><td>Antoine Sabbagh<\/td><td>1995 D\u00e9couvertes Gallimard<\/td><\/tr><tr><td>Une histoire des m\u00e9dias des origines \u00e0 nos jours<\/td><td>Jean-Noel Jeanneney<\/td><td>1996 Le Seuil<\/td><\/tr><tr><td>Les radios en France, histoire, \u00e9tat et enjeux<\/td><td>Jean-Jacques Cheval<\/td><td>1997 Apog\u00e9e<\/td><\/tr><tr><td>Education en m\u00e9dias<\/td><td>Jacques Gonnet<\/td><td>1997 PUF Que sais-je&nbsp;?<\/td><\/tr><tr><td>Dictionnaire de la Radio<\/td><td>Robert Prot<\/td><td>1998&nbsp;&nbsp;PUG&nbsp;&nbsp;&nbsp;INA<\/td><\/tr><tr><td>Le si\u00e8cle de la radio<\/td><td>Jean-Claude Montagn\u00e9<\/td><td>2001 les cahiers de J-C Montagn\u00e9<\/td><\/tr><tr><td>La radio m\u00e9dia des jeunes en milieu scolaire et associatif<\/td><td>Josyane Savino, Michel Huguier, Eric Lucas, Bruno Denaes, Philippe Spiegel<\/td><td>2002 CLEMI PUF CFPJ<\/td><\/tr><tr><td>L\u2019\u00e2ge d\u2019or de la Radio<\/td><td>Zappy Max<\/td><td>2004 Editions du Rocher<\/td><\/tr><tr><td>Radio Londres, les voix de la libert\u00e9<\/td><td>Aur\u00e9lie Luneau<\/td><td>2005 Perrin<\/td><\/tr><tr><td>La Radio \/ Reflets du XX\u00e8me si\u00e8cle<\/td><td>Jean-Claude Demory<\/td><td>2007 Du May Parenth\u00e8se<\/td><\/tr><tr><td>La bataille des radios libres<\/td><td>Thierry Lefebvre<\/td><td>2008 Nouveau Monde INA<\/td><\/tr><tr><td>La vie culturelle sous la France occup\u00e9e<\/td><td>Olivier Barrot, Raymond Chirat<\/td><td>2009 Histoire Gallimard<\/td><\/tr><tr><td>RTL histoire d\u2019une radio populaire<\/td><td>Denis Mar\u00e9chal<\/td><td>2010 Nouveau Monde<\/td><\/tr><tr><td>Histoire de la Radio Ouvrez grand vos oreilles<\/td><td>Mus\u00e9e des arts et m\u00e9tiers \/ CNAM<\/td><td>2012 Silvana editoriale<\/td><\/tr><tr><td>La saga France-Inter Amours, gr\u00e8ves et beaut\u00e9s, 50 ans de radio<\/td><td>Anne-Marie Gustave, Val\u00e9rie P\u00e9ronnet<\/td><td>2013&nbsp;&nbsp;Pygmalion<\/td><\/tr><tr><td>Radios libres, 30 ans de FM, la parole lib\u00e9r\u00e9e<\/td><td>Thierry Lef\u00e8bvre, S\u00e9bastien Poulain<\/td><td>2016 L\u2019Harmattan<\/td><\/tr><tr><td>Petite histoire de la radio fran\u00e7aise de 1920 \u00e0 nos jours&nbsp;<\/td><td>Daniel Lesueur<\/td><td>2018 Camion blanc<\/td><\/tr><tr><td>Les enfants de la Radio<\/td><td>Danielle Moreau<\/td><td>2018 Hors collection<\/td><\/tr><\/tbody><\/table><\/figure>\n\n\n\n<h2>Discographie<\/h2>\n\n\n\n<figure class=\"wp-block-table is-style-stripes\"><table class=\"has-fixed-layout\"><tbody><tr><td>XX\u00e8me si\u00e8cle 100 ans de sons<\/td><td>Coffret 3 CD RTL<\/td><td>1999 Little big man<\/td><\/tr><tr><td>De la r\u00e9clame \u00e0 la publicit\u00e9<\/td><td>Coffret 2 CD<\/td><td>2000 Rym Music<\/td><\/tr><tr><td>Au bon vieux temps de la TSF<\/td><td>Coffret 10 CD chansons, publicit\u00e9s, \u00e9missions, sketchs<\/td><td>2011 Marianne M\u00e9lodie<\/td><\/tr><tr><td>Les radios priv\u00e9es d\u2019avant-guerre Radio Cit\u00e9&nbsp;&nbsp;Poste Parisien<\/td><td>Coffret 3 CD<\/td><td>1994 EPM<\/td><\/tr><tr><td>Anthologie du XX\u00e8me si\u00e8cle par la radio<\/td><td>Coffret 6 CD Archives de l\u2019INA 1900 &#8211; 1999<\/td><td>Fr\u00e9meaux et associ\u00e9s<\/td><\/tr><\/tbody><\/table><\/figure>\n\n\n\n<h2>Sitographie<\/h2>\n\n\n\n<figure class=\"wp-block-table is-style-stripes\"><table class=\"has-fixed-layout\"><tbody><tr><td><a href=\"https:\/\/histoire-image.org\/fr\/etudes\/enfance-radio\">https:\/\/histoire-image.org\/fr\/etudes\/enfance-radio<\/a><\/td><\/tr><tr><td><a href=\"http:\/\/100ansderadio.free.fr\/\">http:\/\/100ansderadio.free.fr\/<\/a><\/td><\/tr><tr><td><a href=\"https:\/\/www.schoop.fr\/\">https:\/\/www.schoop.fr\/<\/a><\/td><\/tr><tr><td><a href=\"https:\/\/radiography.hypotheses.org\/grer-2\/qui-sommes-nous\">https:\/\/radiography.hypotheses.org\/grer-2\/qui-sommes-nous<\/a><\/td><\/tr><tr><td><a href=\"https:\/\/radiofil.com\/adresses-utiles\/musees-tsf,fr.html\">https:\/\/radiofil.com\/adresses-utiles\/musees-tsf,fr.html<\/a><\/td><\/tr><tr><td><a href=\"https:\/\/larevuedesmedias.ina.fr\/la-radio-en-france-depuis-1918\">https:\/\/larevuedesmedias.ina.fr\/la-radio-en-france-depuis-1918<\/a><\/td><\/tr><\/tbody><\/table><\/figure>\n\n\n\n<p><strong>Remarque\u00a0:<\/strong> les choix de dates, d\u2019\u00e9v\u00e9nements, de noms de personnalit\u00e9s, d\u2019institutions, d\u2019organisations sont absolument subjectifs et ne revendiquent aucunement ni exhaustivit\u00e9, ni impartialit\u00e9, au demeurant impossible dans ce genre de production, ni distanciation des auteurs avec leurs enthousiasmes, ressentis et exp\u00e9riences avec la radio. Ils pr\u00e9sentent par avance leurs excuses pour d\u2019\u00e9ventuels oublis aupr\u00e8s de personnes qui ont jou\u00e9 un r\u00f4le dans cette histoire de la radio. Ce document n\u2019a pas vocation \u00e0 rester fig\u00e9. Sur une logique collaborative, toutes les suggestions d\u2019ajout ou de rectification, en cas d\u2019expression impr\u00e9cise ou maladroite seront les bienvenues.\u00a0<\/p>\n","protected":false},"excerpt":{"rendered":"<p>Bibliographie Les radios libres Fran\u00e7ois Cazenave 1980 PUF Que sais-je&nbsp;? Quand la radio s\u2019appelait TSF Bernard Pouzols 1982 Eric Baschet \u00e9ditions FM la folle histoire &hellip; <\/p>\n","protected":false},"author":1,"featured_media":0,"parent":0,"menu_order":0,"comment_status":"closed","ping_status":"closed","template":"","meta":[],"_links":{"self":[{"href":"http:\/\/sarthe-et-radio.fr\/index.php\/wp-json\/wp\/v2\/pages\/190"}],"collection":[{"href":"http:\/\/sarthe-et-radio.fr\/index.php\/wp-json\/wp\/v2\/pages"}],"about":[{"href":"http:\/\/sarthe-et-radio.fr\/index.php\/wp-json\/wp\/v2\/types\/page"}],"author":[{"embeddable":true,"href":"http:\/\/sarthe-et-radio.fr\/index.php\/wp-json\/wp\/v2\/users\/1"}],"replies":[{"embeddable":true,"href":"http:\/\/sarthe-et-radio.fr\/index.php\/wp-json\/wp\/v2\/comments?post=190"}],"version-history":[{"count":5,"href":"http:\/\/sarthe-et-radio.fr\/index.php\/wp-json\/wp\/v2\/pages\/190\/revisions"}],"predecessor-version":[{"id":466,"href":"http:\/\/sarthe-et-radio.fr\/index.php\/wp-json\/wp\/v2\/pages\/190\/revisions\/466"}],"wp:attachment":[{"href":"http:\/\/sarthe-et-radio.fr\/index.php\/wp-json\/wp\/v2\/media?parent=190"}],"curies":[{"name":"wp","href":"https:\/\/api.w.org\/{rel}","templated":true}]}}