{"id":31,"date":"2021-03-26T17:15:39","date_gmt":"2021-03-26T16:15:39","guid":{"rendered":"http:\/\/sarthe-et-radio.fr\/?page_id=31"},"modified":"2021-04-24T14:30:56","modified_gmt":"2021-04-24T12:30:56","slug":"lhistoire-de-la-radio","status":"publish","type":"page","link":"http:\/\/sarthe-et-radio.fr\/index.php\/lhistoire-de-la-radio\/","title":{"rendered":"L&rsquo;Histoire de la radio"},"content":{"rendered":"\n<figure class=\"wp-block-gallery columns-3 is-cropped\"><ul class=\"blocks-gallery-grid\"><li class=\"blocks-gallery-item\"><figure><img loading=\"lazy\" width=\"1024\" height=\"723\" src=\"http:\/\/sarthe-et-radio.fr\/wp-content\/uploads\/2021\/04\/Capture-decran-2021-04-24-a-14.24.06-1024x723.png\" alt=\"\" data-id=\"710\" data-full-url=\"http:\/\/sarthe-et-radio.fr\/wp-content\/uploads\/2021\/04\/Capture-decran-2021-04-24-a-14.24.06.png\" data-link=\"http:\/\/sarthe-et-radio.fr\/index.php\/lhistoire-de-la-radio\/capture-decran-2021-04-24-a-14-24-06\/\" class=\"wp-image-710\" srcset=\"http:\/\/sarthe-et-radio.fr\/wp-content\/uploads\/2021\/04\/Capture-decran-2021-04-24-a-14.24.06-1024x723.png 1024w, http:\/\/sarthe-et-radio.fr\/wp-content\/uploads\/2021\/04\/Capture-decran-2021-04-24-a-14.24.06-300x212.png 300w, http:\/\/sarthe-et-radio.fr\/wp-content\/uploads\/2021\/04\/Capture-decran-2021-04-24-a-14.24.06-768x542.png 768w, http:\/\/sarthe-et-radio.fr\/wp-content\/uploads\/2021\/04\/Capture-decran-2021-04-24-a-14.24.06-120x85.png 120w, http:\/\/sarthe-et-radio.fr\/wp-content\/uploads\/2021\/04\/Capture-decran-2021-04-24-a-14.24.06.png 1182w\" sizes=\"(max-width: 1024px) 100vw, 1024px\" \/><\/figure><\/li><li class=\"blocks-gallery-item\"><figure><img loading=\"lazy\" width=\"1024\" height=\"727\" src=\"http:\/\/sarthe-et-radio.fr\/wp-content\/uploads\/2021\/04\/Capture-decran-2021-04-24-a-14.24.20-1-e1619267123778-1024x727.png\" alt=\"\" data-id=\"713\" data-full-url=\"http:\/\/sarthe-et-radio.fr\/wp-content\/uploads\/2021\/04\/Capture-decran-2021-04-24-a-14.24.20-1-e1619267123778.png\" data-link=\"http:\/\/sarthe-et-radio.fr\/index.php\/lhistoire-de-la-radio\/capture-decran-2021-04-24-a-14-24-20-1\/\" class=\"wp-image-713\" srcset=\"http:\/\/sarthe-et-radio.fr\/wp-content\/uploads\/2021\/04\/Capture-decran-2021-04-24-a-14.24.20-1-e1619267123778-1024x727.png 1024w, http:\/\/sarthe-et-radio.fr\/wp-content\/uploads\/2021\/04\/Capture-decran-2021-04-24-a-14.24.20-1-e1619267123778-300x213.png 300w, http:\/\/sarthe-et-radio.fr\/wp-content\/uploads\/2021\/04\/Capture-decran-2021-04-24-a-14.24.20-1-e1619267123778-768x545.png 768w, http:\/\/sarthe-et-radio.fr\/wp-content\/uploads\/2021\/04\/Capture-decran-2021-04-24-a-14.24.20-1-e1619267123778-120x85.png 120w, http:\/\/sarthe-et-radio.fr\/wp-content\/uploads\/2021\/04\/Capture-decran-2021-04-24-a-14.24.20-1-e1619267123778.png 1175w\" sizes=\"(max-width: 1024px) 100vw, 1024px\" \/><\/figure><\/li><li class=\"blocks-gallery-item\"><figure><img loading=\"lazy\" width=\"1024\" height=\"723\" src=\"http:\/\/sarthe-et-radio.fr\/wp-content\/uploads\/2021\/04\/Capture-decran-2021-04-06-a-16.04.23-1024x723.png\" alt=\"\" data-id=\"186\" data-full-url=\"http:\/\/sarthe-et-radio.fr\/wp-content\/uploads\/2021\/04\/Capture-decran-2021-04-06-a-16.04.23.png\" data-link=\"http:\/\/sarthe-et-radio.fr\/index.php\/lhistoire-de-la-radio\/capture-decran-2021-04-06-a-16-04-23\/\" class=\"wp-image-186\" srcset=\"http:\/\/sarthe-et-radio.fr\/wp-content\/uploads\/2021\/04\/Capture-decran-2021-04-06-a-16.04.23-1024x723.png 1024w, http:\/\/sarthe-et-radio.fr\/wp-content\/uploads\/2021\/04\/Capture-decran-2021-04-06-a-16.04.23-300x212.png 300w, http:\/\/sarthe-et-radio.fr\/wp-content\/uploads\/2021\/04\/Capture-decran-2021-04-06-a-16.04.23-768x543.png 768w, http:\/\/sarthe-et-radio.fr\/wp-content\/uploads\/2021\/04\/Capture-decran-2021-04-06-a-16.04.23-1536x1085.png 1536w, http:\/\/sarthe-et-radio.fr\/wp-content\/uploads\/2021\/04\/Capture-decran-2021-04-06-a-16.04.23-2048x1447.png 2048w, http:\/\/sarthe-et-radio.fr\/wp-content\/uploads\/2021\/04\/Capture-decran-2021-04-06-a-16.04.23-120x85.png 120w\" sizes=\"(max-width: 1024px) 100vw, 1024px\" \/><\/figure><\/li><\/ul><\/figure>\n\n\n\n<p><strong>24 d\u00e9cembre 1921<\/strong>&nbsp;: Radio Tour Eiffel est consid\u00e9r\u00e9e comme la premi\u00e8re radio fran\u00e7aise. Radiola, Radio PTT, Radio Paris, Radio LL, Radio Vitus, Radio Luxembourg, le Poste Parisien, Radio Cit\u00e9\u2026inventent les programmes destin\u00e9s aux \u00ab&nbsp;Chers auditeurs&nbsp;\u00bb r\u00e9unis autour du poste familial.<\/p>\n\n\n\n<p>Pendant la guerre, la radio est une arme essentielle de propagande, d\u2019information et de r\u00e9sistance.<\/p>\n\n\n\n<p>En <strong>1945, le principe du monopole<\/strong> de la radiodiffusion est affirm\u00e9. Les radios p\u00e9riph\u00e9riques couvriront n\u00e9anmoins en diffusion le territoire fran\u00e7ais. Radio Luxembourg, la RTF, Radio Monte Carlo, Europe N\u00b01 dont l\u2019apparition en 1955 marque un bouleversement dans la fa\u00e7on de \u00ab&nbsp;faire de la radio&nbsp;\u00bb, \u00e9voluent dans les trente glorieuses pour s\u2019adapter aux attentes de la g\u00e9n\u00e9ration du baby-boom, adepte du transistor. <\/p>\n\n\n\n<p>Mais s\u2019il y a bien des radios p\u00e9riph\u00e9riques, le principe du monopole d\u2019Etat sur la radiodiffusion est maintenu avec vigueur\u2026<\/p>\n\n\n\n<p>Dans la deuxi\u00e8me partie des ann\u00e9es 70, Radio Verte, Radio Verte Fessenheim, Radio Lorraine C\u0153ur d\u2019Acier, Radio Riposte\u2026 parmi d\u2019autres\u2026 affirment, comme radios pirates, la volont\u00e9 d\u2019ouvrir l\u2019expression radiophonique \u00e0 tous ou du moins aux courants qui ne sont pas assez pris en compte. On retrouve \u00e0 ce moment toutes les revendications qui ont \u00e9t\u00e9 port\u00e9es par la jeunesse, les mouvements de contestation des politiques gouvernementales, les mouvements de propositions alternatives issues des courants de 68 et du d\u00e9but des ann\u00e9es 70. La radio libre comme support de libert\u00e9 de l\u2019expression est un outil de lutte militante.<\/p>\n\n\n\n<p>Brouillage, courses sur les toits, saisies, proc\u00e8s\u2026<\/p>\n\n\n\n<p>C\u2019est le 10 mai 1981 avec l\u2019\u00e9lection de Fran\u00e7ois Mitterrand qu\u2019un univers nouveau pour la radiophonie peut se profiler. <strong>9 Novembre 1981<\/strong> c\u2019est la fin du monopole\u2026 et l\u2019\u00e9mergence des <strong>radios libres<\/strong>. Bien s\u00fbr il faudra des moyens pour vivre et assurer les missions qu\u2019on se sera donn\u00e9es. Certains choisiront le mod\u00e8le associatif prenant appui sur les soutiens publics, le mod\u00e8le de l\u2019\u00e9conomie sociale et solidaire, d\u2019autres le mod\u00e8le commercial fond\u00e9 sur les ressources publicitaires.&nbsp;<\/p>\n\n\n\n<p>40 ans plus tard, les radios ind\u00e9pendantes\u2026 associatives ou commerciales, offrent en plus des radios du service public et des r\u00e9seaux nationaux une large diversit\u00e9 de programmes et de services pour chaque auditeur.&nbsp;<\/p>\n\n\n\n<p>Le document qui vous est propos\u00e9 ici a \u00e9t\u00e9 construit par \u00c9ric Lucas, ancien professeur d\u2019histoire, ayant 40 ans d\u2019exp\u00e9rience active dans le monde des radios libres, cr\u00e9ateur de Radio Alpes Mancelles puis de Fr\u00e9quence-Sill\u00e9, vice-pr\u00e9sident de la FRAMA, d\u00e9l\u00e9gu\u00e9 national \u00e0 l\u2019Education du Syndicat National des Radios Libres, administrateur de l\u2019Amarc-Europe. Au-del\u00e0 des dates retenues vous pourrez aussi acc\u00e9der \u00e0 des propositions en <a href=\"http:\/\/sarthe-et-radio.fr\/index.php\/sources-complementaires\/\">bibliographie, discographie, sitographie.<\/a><\/p>\n\n\n\n<p>Il a \u00e9t\u00e9 mis en forme et mis en ligne \u00e0 destination des radios associatives gr\u00e2ce \u00e0 l\u2019intervention de Th\u00e9o Guitton, vice-pr\u00e9sident de Fr\u00e9quence-Sill\u00e9. Con\u00e7u comme un livret, existant en version imprim\u00e9e et en version t\u00e9l\u00e9chargeable, il peut aussi \u00eatre utilis\u00e9 en imprimant les pages en grand format pour constituer une <strong>exposition<\/strong> se pr\u00e9sentant comme une frise chronologique. Elabor\u00e9 \u00e0 l\u2019initiative de Fr\u00e9quence-Sill\u00e9, dans le contexte de la F\u00eate de la Radio 2021 et de l\u2019action collective sarthoise \u00ab&nbsp;La Sarthe, les Sarthois et la Radio&nbsp;\u00bb, ce document soutenu pour la diffusion nationale par le SNRL, est <strong>mis librement \u00e0 la disposition des radios associatives qui souhaiteront l\u2019utiliser dans le cadre exclusif de la F\u00eate de la radio<\/strong>.&nbsp;&nbsp;<\/p>\n\n\n<p>Pour t\u00e9l\u00e9charger les documents, une fois dans la visionneuse, cliquez sur l&rsquo;ic\u00f4ne : <img loading=\"lazy\" class=\"alignnone size-full wp-image-179\" src=\"http:\/\/sarthe-et-radio.fr\/wp-content\/uploads\/2021\/04\/Capture-decran-2021-04-05-a-18.28.52.png\" alt=\"\" width=\"64\" height=\"44\"><\/p>\n\n\n<h3>Par p\u00e9riodes<\/h3>\n\n\n<div class=\"su-row\">\n  <div class=\"su-column su-column-size-1-5\"><div class=\"su-column-inner su-u-clearfix su-u-trim\"><div class=\"_3d-flip-book  fb3d-thumbnail-lightbox-mode\" data-id=\"134\" data-mode=\"thumbnail-lightbox\" data-title=\"false\" data-template=\"short-white-book-view\" data-lightbox=\"dark\" data-urlparam=\"fb3d-page\" data-page-n=\"0\" data-pdf=\"\" data-tax=\"null\" data-thumbnail=\"\" data-cols=\"3\" data-query=\"\"><\/div><\/div><\/div>\n  <div class=\"su-column su-column-size-1-5\"><div class=\"su-column-inner su-u-clearfix su-u-trim\"><div class=\"_3d-flip-book  fb3d-thumbnail-lightbox-mode\" data-id=\"135\" data-mode=\"thumbnail-lightbox\" data-title=\"false\" data-template=\"short-white-book-view\" data-lightbox=\"dark\" data-urlparam=\"fb3d-page\" data-page-n=\"0\" data-pdf=\"\" data-tax=\"null\" data-thumbnail=\"\" data-cols=\"3\" data-query=\"\"><\/div><\/div><\/div>\n<div class=\"su-column su-column-size-1-5\"><div class=\"su-column-inner su-u-clearfix su-u-trim\"><div class=\"_3d-flip-book  fb3d-thumbnail-lightbox-mode\" data-id=\"136\" data-mode=\"thumbnail-lightbox\" data-title=\"false\" data-template=\"short-white-book-view\" data-lightbox=\"dark\" data-urlparam=\"fb3d-page\" data-page-n=\"0\" data-pdf=\"\" data-tax=\"null\" data-thumbnail=\"\" data-cols=\"3\" data-query=\"\"><\/div><\/div><\/div>\n  <div class=\"su-column su-column-size-1-5\"><div class=\"su-column-inner su-u-clearfix su-u-trim\"><div class=\"_3d-flip-book  fb3d-thumbnail-lightbox-mode\" data-id=\"153\" data-mode=\"thumbnail-lightbox\" data-title=\"false\" data-template=\"short-white-book-view\" data-lightbox=\"dark\" data-urlparam=\"fb3d-page\" data-page-n=\"0\" data-pdf=\"\" data-tax=\"null\" data-thumbnail=\"\" data-cols=\"3\" data-query=\"\"><\/div><\/div><\/div>\n  <div class=\"su-column su-column-size-1-5\"><div class=\"su-column-inner su-u-clearfix su-u-trim\"><div class=\"_3d-flip-book  fb3d-thumbnail-lightbox-mode\" data-id=\"138\" data-mode=\"thumbnail-lightbox\" data-title=\"false\" data-template=\"short-white-book-view\" data-lightbox=\"dark\" data-urlparam=\"fb3d-page\" data-page-n=\"0\" data-pdf=\"\" data-tax=\"null\" data-thumbnail=\"\" data-cols=\"3\" data-query=\"\"><\/div><\/div><\/div>\n<\/div>\n\n\n<div class=\"su-row\">\n  <div class=\"su-column su-column-size-1-5\"><div class=\"su-column-inner su-u-clearfix su-u-trim\"> <center>1794-1902<\/center><\/div><\/div>\n<div class=\"su-column su-column-size-1-5\"><div class=\"su-column-inner su-u-clearfix su-u-trim\"> <center>1902-1921<\/center><\/div><\/div>\n<div class=\"su-column su-column-size-1-5\"><div class=\"su-column-inner su-u-clearfix su-u-trim\"> <center>1921-1929<\/center><\/div><\/div>\n<div class=\"su-column su-column-size-1-5\"><div class=\"su-column-inner su-u-clearfix su-u-trim\"> <center>1929-1939<\/center><\/div><\/div>\n<div class=\"su-column su-column-size-1-5\"><div class=\"su-column-inner su-u-clearfix su-u-trim\"> <center>1939-1945<\/center><\/div><\/div>\n<\/div>\n\n\n<div class=\"su-row\">\n  <div class=\"su-column su-column-size-1-5\"><div class=\"su-column-inner su-u-clearfix su-u-trim\"><div class=\"_3d-flip-book  fb3d-thumbnail-lightbox-mode\" data-id=\"146\" data-mode=\"thumbnail-lightbox\" data-title=\"false\" data-template=\"short-white-book-view\" data-lightbox=\"dark\" data-urlparam=\"fb3d-page\" data-page-n=\"0\" data-pdf=\"\" data-tax=\"null\" data-thumbnail=\"\" data-cols=\"3\" data-query=\"\"><\/div><\/div><\/div>\n  <div class=\"su-column su-column-size-1-5\"><div class=\"su-column-inner su-u-clearfix su-u-trim\"><div class=\"_3d-flip-book  fb3d-thumbnail-lightbox-mode\" data-id=\"149\" data-mode=\"thumbnail-lightbox\" data-title=\"false\" data-template=\"short-white-book-view\" data-lightbox=\"dark\" data-urlparam=\"fb3d-page\" data-page-n=\"0\" data-pdf=\"\" data-tax=\"null\" data-thumbnail=\"\" data-cols=\"3\" data-query=\"\"><\/div><\/div><\/div>\n<div class=\"su-column su-column-size-1-5\"><div class=\"su-column-inner su-u-clearfix su-u-trim\"><div class=\"_3d-flip-book  fb3d-thumbnail-lightbox-mode\" data-id=\"150\" data-mode=\"thumbnail-lightbox\" data-title=\"false\" data-template=\"short-white-book-view\" data-lightbox=\"dark\" data-urlparam=\"fb3d-page\" data-page-n=\"0\" data-pdf=\"\" data-tax=\"null\" data-thumbnail=\"\" data-cols=\"3\" data-query=\"\"><\/div><\/div><\/div>\n  <div class=\"su-column su-column-size-1-5\"><div class=\"su-column-inner su-u-clearfix su-u-trim\"><div class=\"_3d-flip-book  fb3d-thumbnail-lightbox-mode\" data-id=\"151\" data-mode=\"thumbnail-lightbox\" data-title=\"false\" data-template=\"short-white-book-view\" data-lightbox=\"dark\" data-urlparam=\"fb3d-page\" data-page-n=\"0\" data-pdf=\"\" data-tax=\"null\" data-thumbnail=\"\" data-cols=\"3\" data-query=\"\"><\/div><\/div><\/div>\n  <div class=\"su-column su-column-size-1-5\"><div class=\"su-column-inner su-u-clearfix su-u-trim\"><div class=\"_3d-flip-book  fb3d-thumbnail-lightbox-mode\" data-id=\"152\" data-mode=\"thumbnail-lightbox\" data-title=\"false\" data-template=\"short-white-book-view\" data-lightbox=\"dark\" data-urlparam=\"fb3d-page\" data-page-n=\"0\" data-pdf=\"\" data-tax=\"null\" data-thumbnail=\"\" data-cols=\"3\" data-query=\"\"><\/div><\/div><\/div>\n<\/div>\n\n\n<div class=\"su-row\">\n  <div class=\"su-column su-column-size-1-5\"><div class=\"su-column-inner su-u-clearfix su-u-trim\"> <center>1945-1954<\/center><\/div><\/div>\n<div class=\"su-column su-column-size-1-5\"><div class=\"su-column-inner su-u-clearfix su-u-trim\"> <center>1955-1968<\/center><\/div><\/div>\n<div class=\"su-column su-column-size-1-5\"><div class=\"su-column-inner su-u-clearfix su-u-trim\"> <center>1968-1981<\/center><\/div><\/div>\n<div class=\"su-column su-column-size-1-5\"><div class=\"su-column-inner su-u-clearfix su-u-trim\"> <center>1981-1991<\/center><\/div><\/div>\n<div class=\"su-column su-column-size-1-5\"><div class=\"su-column-inner su-u-clearfix su-u-trim\"> <center>1991-2020<\/center><\/div><\/div>\n<\/div>\n\n\n\n<h3>Le livret en int\u00e9gralit\u00e9<\/h3>\n\n\n<div class=\"_3d-flip-book  fb3d-fullscreen-mode full-size\" data-id=\"118\" data-mode=\"fullscreen\" data-title=\"false\" data-template=\"short-white-book-view\" data-lightbox=\"dark\" data-urlparam=\"fb3d-page\" data-page-n=\"0\" data-pdf=\"\" data-tax=\"null\" data-thumbnail=\"\" data-cols=\"3\" data-query=\"\" style=\"height:500px;\"><\/div>\n","protected":false},"excerpt":{"rendered":"<p>24 d\u00e9cembre 1921&nbsp;: Radio Tour Eiffel est consid\u00e9r\u00e9e comme la premi\u00e8re radio fran\u00e7aise. Radiola, Radio PTT, Radio Paris, Radio LL, Radio Vitus, Radio Luxembourg, le &hellip; <\/p>\n","protected":false},"author":1,"featured_media":0,"parent":0,"menu_order":0,"comment_status":"closed","ping_status":"closed","template":"","meta":[],"_links":{"self":[{"href":"http:\/\/sarthe-et-radio.fr\/index.php\/wp-json\/wp\/v2\/pages\/31"}],"collection":[{"href":"http:\/\/sarthe-et-radio.fr\/index.php\/wp-json\/wp\/v2\/pages"}],"about":[{"href":"http:\/\/sarthe-et-radio.fr\/index.php\/wp-json\/wp\/v2\/types\/page"}],"author":[{"embeddable":true,"href":"http:\/\/sarthe-et-radio.fr\/index.php\/wp-json\/wp\/v2\/users\/1"}],"replies":[{"embeddable":true,"href":"http:\/\/sarthe-et-radio.fr\/index.php\/wp-json\/wp\/v2\/comments?post=31"}],"version-history":[{"count":35,"href":"http:\/\/sarthe-et-radio.fr\/index.php\/wp-json\/wp\/v2\/pages\/31\/revisions"}],"predecessor-version":[{"id":715,"href":"http:\/\/sarthe-et-radio.fr\/index.php\/wp-json\/wp\/v2\/pages\/31\/revisions\/715"}],"wp:attachment":[{"href":"http:\/\/sarthe-et-radio.fr\/index.php\/wp-json\/wp\/v2\/media?parent=31"}],"curies":[{"name":"wp","href":"https:\/\/api.w.org\/{rel}","templated":true}]}}