{"id":331,"date":"2021-04-08T15:06:35","date_gmt":"2021-04-08T13:06:35","guid":{"rendered":"http:\/\/sarthe-et-radio.fr\/?page_id=331"},"modified":"2021-05-29T15:31:51","modified_gmt":"2021-05-29T13:31:51","slug":"acceuil","status":"publish","type":"page","link":"http:\/\/sarthe-et-radio.fr\/","title":{"rendered":"Acceuil"},"content":{"rendered":"\n<div style=\"height:25px\" aria-hidden=\"true\" class=\"wp-block-spacer\"><\/div>\n\n\n\n<div class=\"wp-block-image\"><figure class=\"aligncenter size-full\"><a href=\"https:\/\/www.fetedelaradio.com\"><img loading=\"lazy\" width=\"3033\" height=\"375\" src=\"http:\/\/sarthe-et-radio.fr\/wp-content\/uploads\/2021\/04\/Megabanner-3.png\" alt=\"\" class=\"wp-image-338\" srcset=\"http:\/\/sarthe-et-radio.fr\/wp-content\/uploads\/2021\/04\/Megabanner-3.png 3033w, http:\/\/sarthe-et-radio.fr\/wp-content\/uploads\/2021\/04\/Megabanner-3-300x37.png 300w, http:\/\/sarthe-et-radio.fr\/wp-content\/uploads\/2021\/04\/Megabanner-3-1024x127.png 1024w, http:\/\/sarthe-et-radio.fr\/wp-content\/uploads\/2021\/04\/Megabanner-3-768x95.png 768w, http:\/\/sarthe-et-radio.fr\/wp-content\/uploads\/2021\/04\/Megabanner-3-1536x190.png 1536w, http:\/\/sarthe-et-radio.fr\/wp-content\/uploads\/2021\/04\/Megabanner-3-2048x253.png 2048w\" sizes=\"(max-width: 3033px) 100vw, 3033px\" \/><\/a><\/figure><\/div>\n\n\n\n<div style=\"height:50px\" aria-hidden=\"true\" class=\"wp-block-spacer\"><\/div>\n\n\n<div class=\"su-divider su-divider-style-default\" style=\"margin:0px 0;border-width:2px;border-color:#000000\"><\/div>\n\n\n\n<h4 class=\"has-text-align-center\">La Sarthe c\u00e9l\u00e8bre en 2021 la F\u00eate de la radio en r\u00e9unissant les radios dans leur diversit\u00e9 et beaucoup d\u2019autres partenaires.&nbsp;<\/h4>\n\n\n\n<figure class=\"wp-block-image size-full is-style-default\"><a href=\"http:\/\/sarthe-et-radio.fr\/index.php\/les-partenaires\/\" target=\"_blank\" rel=\"noopener\"><img loading=\"lazy\" width=\"5588\" height=\"632\" src=\"http:\/\/sarthe-et-radio.fr\/wp-content\/uploads\/2021\/04\/EN-TETE-definitif-1.png\" alt=\"\" class=\"wp-image-413\" srcset=\"http:\/\/sarthe-et-radio.fr\/wp-content\/uploads\/2021\/04\/EN-TETE-definitif-1.png 5588w, http:\/\/sarthe-et-radio.fr\/wp-content\/uploads\/2021\/04\/EN-TETE-definitif-1-300x34.png 300w, http:\/\/sarthe-et-radio.fr\/wp-content\/uploads\/2021\/04\/EN-TETE-definitif-1-1024x116.png 1024w, http:\/\/sarthe-et-radio.fr\/wp-content\/uploads\/2021\/04\/EN-TETE-definitif-1-768x87.png 768w, http:\/\/sarthe-et-radio.fr\/wp-content\/uploads\/2021\/04\/EN-TETE-definitif-1-1536x174.png 1536w, http:\/\/sarthe-et-radio.fr\/wp-content\/uploads\/2021\/04\/EN-TETE-definitif-1-2048x232.png 2048w\" sizes=\"(max-width: 5588px) 100vw, 5588px\" \/><\/a><\/figure>\n\n\n<div class=\"su-divider su-divider-style-default\" style=\"margin:0px 0;border-width:2px;border-color:#000000\"><\/div>\n\n\n\n<div style=\"height:25px\" aria-hidden=\"true\" class=\"wp-block-spacer\"><\/div>\n\n\n\n<div class=\"wp-block-columns\">\n<div class=\"wp-block-column\">\n<figure class=\"wp-block-image size-large\"><a href=\"http:\/\/sarthe-et-radio.fr\/index.php\/les-emissions\/\"><img loading=\"lazy\" width=\"1024\" height=\"1024\" src=\"http:\/\/sarthe-et-radio.fr\/wp-content\/uploads\/2021\/04\/My-Post-2-1-1024x1024.png\" alt=\"\" class=\"wp-image-393\" srcset=\"http:\/\/sarthe-et-radio.fr\/wp-content\/uploads\/2021\/04\/My-Post-2-1-1024x1024.png 1024w, http:\/\/sarthe-et-radio.fr\/wp-content\/uploads\/2021\/04\/My-Post-2-1-300x300.png 300w, http:\/\/sarthe-et-radio.fr\/wp-content\/uploads\/2021\/04\/My-Post-2-1-150x150.png 150w, http:\/\/sarthe-et-radio.fr\/wp-content\/uploads\/2021\/04\/My-Post-2-1-768x768.png 768w, http:\/\/sarthe-et-radio.fr\/wp-content\/uploads\/2021\/04\/My-Post-2-1.png 1080w\" sizes=\"(max-width: 1024px) 100vw, 1024px\" \/><\/a><\/figure>\n<\/div>\n\n\n\n<div class=\"wp-block-column\">\n<figure class=\"wp-block-image size-large\"><a href=\"http:\/\/sarthe-et-radio.fr\/index.php\/2021\/04\/07\/2-avril-2021-lancement-officiel-emission-de-radio-realisee-en-public-et-en-direct\/\"><img loading=\"lazy\" width=\"1024\" height=\"1024\" src=\"http:\/\/sarthe-et-radio.fr\/wp-content\/uploads\/2021\/04\/My-Post-4-2-1024x1024.png\" alt=\"\" class=\"wp-image-396\" srcset=\"http:\/\/sarthe-et-radio.fr\/wp-content\/uploads\/2021\/04\/My-Post-4-2-1024x1024.png 1024w, http:\/\/sarthe-et-radio.fr\/wp-content\/uploads\/2021\/04\/My-Post-4-2-300x300.png 300w, http:\/\/sarthe-et-radio.fr\/wp-content\/uploads\/2021\/04\/My-Post-4-2-150x150.png 150w, http:\/\/sarthe-et-radio.fr\/wp-content\/uploads\/2021\/04\/My-Post-4-2-768x768.png 768w, http:\/\/sarthe-et-radio.fr\/wp-content\/uploads\/2021\/04\/My-Post-4-2.png 1080w\" sizes=\"(max-width: 1024px) 100vw, 1024px\" \/><\/a><\/figure>\n<\/div>\n\n\n\n<div class=\"wp-block-column\">\n<figure class=\"wp-block-image size-large\"><a href=\"http:\/\/sarthe-et-radio.fr\/index.php\/films-chronologiques\/\"><img loading=\"lazy\" width=\"1024\" height=\"1024\" src=\"http:\/\/sarthe-et-radio.fr\/wp-content\/uploads\/2021\/04\/My-Post-5-3-1024x1024.png\" alt=\"\" class=\"wp-image-403\" srcset=\"http:\/\/sarthe-et-radio.fr\/wp-content\/uploads\/2021\/04\/My-Post-5-3-1024x1024.png 1024w, http:\/\/sarthe-et-radio.fr\/wp-content\/uploads\/2021\/04\/My-Post-5-3-300x300.png 300w, http:\/\/sarthe-et-radio.fr\/wp-content\/uploads\/2021\/04\/My-Post-5-3-150x150.png 150w, http:\/\/sarthe-et-radio.fr\/wp-content\/uploads\/2021\/04\/My-Post-5-3-768x768.png 768w, http:\/\/sarthe-et-radio.fr\/wp-content\/uploads\/2021\/04\/My-Post-5-3.png 1080w\" sizes=\"(max-width: 1024px) 100vw, 1024px\" \/><\/a><\/figure>\n<\/div>\n\n\n\n<div class=\"wp-block-column\">\n<figure class=\"wp-block-image size-large\"><a href=\"http:\/\/sarthe-et-radio.fr\/index.php\/lhistoire-de-la-radio\/\"><img loading=\"lazy\" width=\"1024\" height=\"1024\" src=\"http:\/\/sarthe-et-radio.fr\/wp-content\/uploads\/2021\/04\/My-Post-7-3-1024x1024.png\" alt=\"\" class=\"wp-image-404\" srcset=\"http:\/\/sarthe-et-radio.fr\/wp-content\/uploads\/2021\/04\/My-Post-7-3-1024x1024.png 1024w, http:\/\/sarthe-et-radio.fr\/wp-content\/uploads\/2021\/04\/My-Post-7-3-300x300.png 300w, http:\/\/sarthe-et-radio.fr\/wp-content\/uploads\/2021\/04\/My-Post-7-3-150x150.png 150w, http:\/\/sarthe-et-radio.fr\/wp-content\/uploads\/2021\/04\/My-Post-7-3-768x768.png 768w, http:\/\/sarthe-et-radio.fr\/wp-content\/uploads\/2021\/04\/My-Post-7-3.png 1080w\" sizes=\"(max-width: 1024px) 100vw, 1024px\" \/><\/a><\/figure>\n<\/div>\n\n\n\n<div class=\"wp-block-column\">\n<figure class=\"wp-block-image size-large\"><a href=\"http:\/\/sarthe-et-radio.fr\/index.php\/la-sarthe-et-la-radio-sur-les-medias\/\"><img loading=\"lazy\" width=\"1024\" height=\"1024\" src=\"http:\/\/sarthe-et-radio.fr\/wp-content\/uploads\/2021\/04\/My-Post-9-1024x1024.png\" alt=\"\" class=\"wp-image-477\" srcset=\"http:\/\/sarthe-et-radio.fr\/wp-content\/uploads\/2021\/04\/My-Post-9-1024x1024.png 1024w, http:\/\/sarthe-et-radio.fr\/wp-content\/uploads\/2021\/04\/My-Post-9-300x300.png 300w, http:\/\/sarthe-et-radio.fr\/wp-content\/uploads\/2021\/04\/My-Post-9-150x150.png 150w, http:\/\/sarthe-et-radio.fr\/wp-content\/uploads\/2021\/04\/My-Post-9-768x768.png 768w, http:\/\/sarthe-et-radio.fr\/wp-content\/uploads\/2021\/04\/My-Post-9.png 1080w\" sizes=\"(max-width: 1024px) 100vw, 1024px\" \/><\/a><\/figure>\n<\/div>\n\n\n\n<div class=\"wp-block-column\">\n<figure class=\"wp-block-image size-large\"><a href=\"http:\/\/sarthe-et-radio.fr\/index.php\/2021\/04\/22\/fete-de-la-radio-les-radios-sarthoises-unies-pour-leurs-72-heures\/\"><img loading=\"lazy\" width=\"1024\" height=\"1024\" src=\"http:\/\/sarthe-et-radio.fr\/wp-content\/uploads\/2021\/04\/My-Post-10-1024x1024.png\" alt=\"\" class=\"wp-image-698\" srcset=\"http:\/\/sarthe-et-radio.fr\/wp-content\/uploads\/2021\/04\/My-Post-10-1024x1024.png 1024w, http:\/\/sarthe-et-radio.fr\/wp-content\/uploads\/2021\/04\/My-Post-10-300x300.png 300w, http:\/\/sarthe-et-radio.fr\/wp-content\/uploads\/2021\/04\/My-Post-10-150x150.png 150w, http:\/\/sarthe-et-radio.fr\/wp-content\/uploads\/2021\/04\/My-Post-10-768x768.png 768w, http:\/\/sarthe-et-radio.fr\/wp-content\/uploads\/2021\/04\/My-Post-10.png 1080w\" sizes=\"(max-width: 1024px) 100vw, 1024px\" \/><\/a><\/figure>\n<\/div>\n<\/div>\n\n\n\n<h2>Publications r\u00e9centes<\/h2>\n\n\n<ul class=\"wp-block-latest-posts__list is-grid columns-4 wp-block-latest-posts\"><li><a href=\"http:\/\/sarthe-et-radio.fr\/index.php\/2021\/07\/21\/72-heures-les-voix-des-partenaires\/\">[72 Heures] Les voix des partenaires<\/a><\/li>\n<li><a href=\"http:\/\/sarthe-et-radio.fr\/index.php\/2021\/07\/21\/72-heures-emissions-speciales\/\">[72 Heures] Emissions sp\u00e9ciales<\/a><\/li>\n<li><a href=\"http:\/\/sarthe-et-radio.fr\/index.php\/2021\/07\/21\/72-heures-autour-des-micros-plateaux-thematiques\/\">[72 Heures] Autour des micros &#8211; Plateaux th\u00e9matiques<\/a><\/li>\n<li><a href=\"http:\/\/sarthe-et-radio.fr\/index.php\/2021\/07\/21\/72-heures-les-72-voix\/\">[72 Heures] Les 72 voix<\/a><\/li>\n<\/ul>\n\n\n<p><\/p>\n","protected":false},"excerpt":{"rendered":"<p>La Sarthe c\u00e9l\u00e8bre en 2021 la F\u00eate de la radio en r\u00e9unissant les radios dans leur diversit\u00e9 et beaucoup d\u2019autres partenaires.&nbsp; Publications r\u00e9centes<\/p>\n","protected":false},"author":1,"featured_media":0,"parent":0,"menu_order":0,"comment_status":"closed","ping_status":"closed","template":"template-page-builder.php","meta":[],"_links":{"self":[{"href":"http:\/\/sarthe-et-radio.fr\/index.php\/wp-json\/wp\/v2\/pages\/331"}],"collection":[{"href":"http:\/\/sarthe-et-radio.fr\/index.php\/wp-json\/wp\/v2\/pages"}],"about":[{"href":"http:\/\/sarthe-et-radio.fr\/index.php\/wp-json\/wp\/v2\/types\/page"}],"author":[{"embeddable":true,"href":"http:\/\/sarthe-et-radio.fr\/index.php\/wp-json\/wp\/v2\/users\/1"}],"replies":[{"embeddable":true,"href":"http:\/\/sarthe-et-radio.fr\/index.php\/wp-json\/wp\/v2\/comments?post=331"}],"version-history":[{"count":45,"href":"http:\/\/sarthe-et-radio.fr\/index.php\/wp-json\/wp\/v2\/pages\/331\/revisions"}],"predecessor-version":[{"id":737,"href":"http:\/\/sarthe-et-radio.fr\/index.php\/wp-json\/wp\/v2\/pages\/331\/revisions\/737"}],"wp:attachment":[{"href":"http:\/\/sarthe-et-radio.fr\/index.php\/wp-json\/wp\/v2\/media?parent=331"}],"curies":[{"name":"wp","href":"https:\/\/api.w.org\/{rel}","templated":true}]}}